{"id":144,"date":"2021-09-30T14:03:49","date_gmt":"2021-09-30T17:03:49","guid":{"rendered":"https:\/\/aldaniferramentas.com.br\/?page_id=144"},"modified":"2021-09-30T14:22:32","modified_gmt":"2021-09-30T17:22:32","slug":"produtos","status":"publish","type":"page","link":"https:\/\/aldaniferramentas.com.br\/index.php\/produtos\/","title":{"rendered":"Produtos"},"content":{"rendered":"\n<p>Consulte nossa variedade de produtos atrav\u00e9s telefone (41)99942-3077 ou ent\u00e3o pode nos chamar atrav\u00e9s do link que se encontra no canto inferior direito da tela.<\/p>\n","protected":false},"excerpt":{"rendered":"<p>Consulte nossa variedade de produtos atrav\u00e9s telefone (41)99942-3077 ou ent\u00e3o pode nos chamar atrav\u00e9s do link que se encontra no canto inferior direito da tela.<\/p>\n","protected":false},"author":1,"featured_media":0,"parent":0,"menu_order":0,"comment_status":"closed","ping_status":"closed","template":"","meta":[],"_links":{"self":[{"href":"https:\/\/aldaniferramentas.com.br\/index.php\/wp-json\/wp\/v2\/pages\/144"}],"collection":[{"href":"https:\/\/aldaniferramentas.com.br\/index.php\/wp-json\/wp\/v2\/pages"}],"about":[{"href":"https:\/\/aldaniferramentas.com.br\/index.php\/wp-json\/wp\/v2\/types\/page"}],"author":[{"embeddable":true,"href":"https:\/\/aldaniferramentas.com.br\/index.php\/wp-json\/wp\/v2\/users\/1"}],"replies":[{"embeddable":true,"href":"https:\/\/aldaniferramentas.com.br\/index.php\/wp-json\/wp\/v2\/comments?post=144"}],"version-history":[{"count":2,"href":"https:\/\/aldaniferramentas.com.br\/index.php\/wp-json\/wp\/v2\/pages\/144\/revisions"}],"predecessor-version":[{"id":159,"href":"https:\/\/aldaniferramentas.com.br\/index.php\/wp-json\/wp\/v2\/pages\/144\/revisions\/159"}],"wp:attachment":[{"href":"https:\/\/aldaniferramentas.com.br\/index.php\/wp-json\/wp\/v2\/media?parent=144"}],"curies":[{"name":"wp","href":"https:\/\/api.w.org\/{rel}","templated":true}]}}